{"id":9780,"date":"2020-07-07T10:39:53","date_gmt":"2020-07-07T03:39:53","guid":{"rendered":"https:\/\/taoquan.com.vn\/?page_id=9780"},"modified":"2020-07-07T10:39:54","modified_gmt":"2020-07-07T03:39:54","slug":"bao-cao-doanh-thu-lai-gop","status":"publish","type":"page","link":"https:\/\/taoquan.com.vn\/en\/bao-cao-doanh-thu-lai-gop\/","title":{"rendered":"B\u00e1o c\u00e1o doanh thu, l\u00e3i g\u1ed9p"},"content":{"rendered":"","protected":false},"excerpt":{"rendered":"","protected":false},"author":2,"featured_media":0,"parent":0,"menu_order":0,"comment_status":"closed","ping_status":"closed","template":"","meta":{"om_disable_all_campaigns":false,"_monsterinsights_skip_tracking":false,"_monsterinsights_sitenote_active":false,"_monsterinsights_sitenote_note":"","_monsterinsights_sitenote_category":0,"footnotes":""},"class_list":["post-9780","page","type-page","status-publish","hentry"],"aioseo_notices":[],"_links":{"self":[{"href":"https:\/\/taoquan.com.vn\/en\/wp-json\/wp\/v2\/pages\/9780","targetHints":{"allow":["GET"]}}],"collection":[{"href":"https:\/\/taoquan.com.vn\/en\/wp-json\/wp\/v2\/pages"}],"about":[{"href":"https:\/\/taoquan.com.vn\/en\/wp-json\/wp\/v2\/types\/page"}],"author":[{"embeddable":true,"href":"https:\/\/taoquan.com.vn\/en\/wp-json\/wp\/v2\/users\/2"}],"replies":[{"embeddable":true,"href":"https:\/\/taoquan.com.vn\/en\/wp-json\/wp\/v2\/comments?post=9780"}],"version-history":[{"count":1,"href":"https:\/\/taoquan.com.vn\/en\/wp-json\/wp\/v2\/pages\/9780\/revisions"}],"predecessor-version":[{"id":9781,"href":"https:\/\/taoquan.com.vn\/en\/wp-json\/wp\/v2\/pages\/9780\/revisions\/9781"}],"wp:attachment":[{"href":"https:\/\/taoquan.com.vn\/en\/wp-json\/wp\/v2\/media?parent=9780"}],"curies":[{"name":"wp","href":"https:\/\/api.w.org\/{rel}","templated":true}]}}