{"id":9551,"date":"2020-06-09T16:13:53","date_gmt":"2020-06-09T16:13:53","guid":{"rendered":"https:\/\/taoquan.com.vn\/?page_id=9551"},"modified":"2023-01-15T21:08:48","modified_gmt":"2023-01-15T14:08:48","slug":"tai-ve","status":"publish","type":"page","link":"https:\/\/taoquan.com.vn\/en\/tai-ve\/","title":{"rendered":"T\u1ea3i v\u1ec1"},"content":{"rendered":"<p>CH\u1eccN PH\u1ea6N M\u1ec0M T\u1ea2I V\u1ec0<\/p>\n\n\n\n<figure class=\"wp-block-table\"><table class=\"\"><tbody><tr><td class=\"has-text-align-center\" data-align=\"center\"><a href=\"https:\/\/update.taoquan.vn\/TQSetup.zip\"><img loading=\"lazy\" decoding=\"async\" width=\"150\" height=\"45\" class=\"wp-image-9846\" style=\"width: 150px;\" src=\"https:\/\/taoquan.com.vn\/wp-content\/uploads\/windows1-1.png\" alt=\"T\u1ea3i v\u1ec1\"><\/a><br> <a href=\"https:\/\/update.taoquan.vn\/TQSetup.zip\" target=\"_blank\" rel=\"noreferrer noopener\" aria-label=\" (m\u1edf trong tab m\u1edbi)\">D\u00f9ng tr\u00ean m\u00e1y t\u00ednh<\/a> <a rel=\"noreferrer noopener\" href=\"https:\/\/taoquan.vn\/Upload\/TQSetup.Zip\" target=\"_blank\"><\/a><\/td><td class=\"has-text-align-center\" data-align=\"center\"><a href=\"https:\/\/apps.apple.com\/vn\/app\/tao-quan-sale-management\/id1501376052\" target=\"_blank\" rel=\"noreferrer noopener\" aria-label=\"\ufffc (m\u1edf trong tab m\u1edbi)\"><img loading=\"lazy\" decoding=\"async\" width=\"150\" height=\"48\" class=\"wp-image-9844\" style=\"width: 150px;\" src=\"https:\/\/taoquan.com.vn\/wp-content\/uploads\/apple-1.png\" alt=\"T\u1ea3i v\u1ec1\"><\/a><br> <a rel=\"noreferrer noopener\" href=\"https:\/\/apps.apple.com\/vn\/app\/tao-quan-sale-management\/id1501376052\" target=\"_blank\">D\u00f9ng cho Iphone\/Ipad<\/a> <a rel=\"noreferrer noopener\" href=\"https:\/\/apps.apple.com\/vn\/app\/tao-quan-sale-management\/id1501376052\" target=\"_blank\"><\/a><\/td><td class=\"has-text-align-center\" data-align=\"center\"><a href=\"https:\/\/play.google.com\/store\/apps\/details?id=com.taoquan\" target=\"_blank\" rel=\"noreferrer noopener\" aria-label=\"\ufffc (m\u1edf trong tab m\u1edbi)\"><img loading=\"lazy\" decoding=\"async\" width=\"150\" height=\"47\" class=\"wp-image-9843\" style=\"width: 150px;\" src=\"https:\/\/taoquan.com.vn\/wp-content\/uploads\/andoil-1.png\" alt=\"T\u1ea3i v\u1ec1\"><\/a><br> <a rel=\"noreferrer noopener\" href=\"https:\/\/play.google.com\/store\/apps\/details?id=com.taoquan\" target=\"_blank\">D\u00f9ng cho Android<\/a> <a rel=\"noreferrer noopener\" href=\"https:\/\/play.google.com\/store\/apps\/details?id=com.taoquan\" target=\"_blank\"><\/a><\/td><\/tr><\/tbody><\/table><\/figure>\n\n\n\n<p>H\u01af\u1edaNG D\u1eaaN C\u00c0I \u0110\u1eb6T PH\u1ea6N M\u1ec0M V\u00c0 \u0110\u0102NG K\u00dd D\u00d9NG TH\u1eec<\/p>\n\n\n\n<h3 class=\"wp-block-heading\">B\u01b0\u1edbc 1. Gi\u1ea3i n\u00e9n<\/h3>\n\n\n\n<p>Sau khi Download file v\u1ec1 m\u00e1y, qu\u00fd kh\u00e1ch gi\u1ea3i n\u00e9n b\u1ed9 c\u00e0i \u0111\u1eb7t<\/p>\n\n\n\n<figure class=\"wp-block-image size-large\"><a href=\"https:\/\/taoquan.vn\/Upload\/image\/giainen_11.png\"><img loading=\"lazy\" decoding=\"async\" width=\"304\" height=\"298\" src=\"https:\/\/taoquan.com.vn\/wp-content\/uploads\/giainen_11.png\" alt=\"T\u1ea3i v\u1ec1\" class=\"wp-image-9845\" srcset=\"https:\/\/taoquan.com.vn\/wp-content\/uploads\/giainen_11.png 304w, https:\/\/taoquan.com.vn\/wp-content\/uploads\/giainen_11-300x294.png 300w\" sizes=\"auto, (max-width: 304px) 100vw, 304px\" \/><\/a><\/figure>\n\n\n\n<h3 class=\"wp-block-heading\">B\u01b0\u1edbc 2. C\u00e0i \u0111\u1eb7t<\/h3>\n\n\n\n<p>Trong th\u01b0 m\u1ee5c, qu\u00fd kh\u00e1ch th\u1ef1c thi file setup.exe<\/p>\n\n\n\n<figure class=\"wp-block-image size-large\"><img loading=\"lazy\" decoding=\"async\" width=\"605\" height=\"333\" src=\"https:\/\/taoquan.com.vn\/wp-content\/uploads\/caidat_11.png\" alt=\"T\u1ea3i v\u1ec1\" class=\"wp-image-9850\" srcset=\"https:\/\/taoquan.com.vn\/wp-content\/uploads\/caidat_11.png 605w, https:\/\/taoquan.com.vn\/wp-content\/uploads\/caidat_11-300x165.png 300w\" sizes=\"auto, (max-width: 605px) 100vw, 605px\" \/><\/figure>\n\n\n\n<p>Sau \u0111\u00f3, nh\u1ea5n Accept 2 l\u1ea7n \u0111\u1ec3 c\u00e0i \u0111\u1eb7t c\u00e1c ph\u1ea7n m\u1ec1m b\u1ed5 tr\u1ee3<\/p>\n\n\n\n<figure class=\"wp-block-image size-large\"><img loading=\"lazy\" decoding=\"async\" width=\"445\" height=\"494\" src=\"https:\/\/taoquan.com.vn\/wp-content\/uploads\/caidat_21.png\" alt=\"c\u00e0i dotnet v\u00e0 report\" class=\"wp-image-9851\" srcset=\"https:\/\/taoquan.com.vn\/wp-content\/uploads\/caidat_21.png 445w, https:\/\/taoquan.com.vn\/wp-content\/uploads\/caidat_21-270x300.png 270w\" sizes=\"auto, (max-width: 445px) 100vw, 445px\" \/><\/figure>\n\n\n\n<figure class=\"wp-block-image size-large\"><img loading=\"lazy\" decoding=\"async\" width=\"444\" height=\"496\" src=\"https:\/\/taoquan.com.vn\/wp-content\/uploads\/caidat_3.png\" alt=\"T\u1ea3i v\u1ec1\" class=\"wp-image-9852\" srcset=\"https:\/\/taoquan.com.vn\/wp-content\/uploads\/caidat_3.png 444w, https:\/\/taoquan.com.vn\/wp-content\/uploads\/caidat_3-269x300.png 269w\" sizes=\"auto, (max-width: 444px) 100vw, 444px\" \/><\/figure>\n\n\n\n<p>Sau khi \u0111\u1ed3ng \u00fd c\u00e0i h\u1ec7 th\u1ed1ng s\u1ebd ch\u1ea1y kho\u1ea3n v\u00e0i ph\u00fat<\/p>\n\n\n\n<figure class=\"wp-block-image size-large\"><img loading=\"lazy\" decoding=\"async\" width=\"527\" height=\"199\" src=\"https:\/\/taoquan.com.vn\/wp-content\/uploads\/caidat_4_cho.png\" alt=\"Ch\u1edd \u0111\u1ee3t trong \u00edt ph\u00fat\" class=\"wp-image-9853\" srcset=\"https:\/\/taoquan.com.vn\/wp-content\/uploads\/caidat_4_cho.png 527w, https:\/\/taoquan.com.vn\/wp-content\/uploads\/caidat_4_cho-300x113.png 300w\" sizes=\"auto, (max-width: 527px) 100vw, 527px\" \/><\/figure>\n\n\n\n<p>C\u00e0i \u0111\u1eb7t&nbsp;<a href=\"http:\/\/taoquan.vn\/\">Ph\u1ea7n M\u1ec1m T\u00e1o Qu\u00e2n<\/a><\/p>\n\n\n\n<figure class=\"wp-block-image size-large\"><img loading=\"lazy\" decoding=\"async\" width=\"507\" height=\"414\" src=\"https:\/\/taoquan.com.vn\/wp-content\/uploads\/caidat_5.png\" alt=\"C\u00e0i \u0111\u1eb7t ph\u1ea7n m\u1ec1m T\u00e1o Qu\u00e2n\" class=\"wp-image-9854\" srcset=\"https:\/\/taoquan.com.vn\/wp-content\/uploads\/caidat_5.png 507w, https:\/\/taoquan.com.vn\/wp-content\/uploads\/caidat_5-300x245.png 300w\" sizes=\"auto, (max-width: 507px) 100vw, 507px\" \/><\/figure>\n\n\n\n<p>Ch\u1ecdn th\u01b0 m\u1ee5c c\u00e0i \u0111\u1eb7t, qu\u00fd kh\u00e1ch ch\u1ecdn \u1ed5 \u0111\u0129a \u0111\u1ec3 c\u00e0i, th\u00f4ng th\u01b0\u1eddng h\u1ec7 th\u1ed1ng s\u1ebd c\u00e0i \u1edf \u1ed5 \u0111\u0129a C:\/.<\/p>\n\n\n\n<figure class=\"wp-block-image size-large\"><img loading=\"lazy\" decoding=\"async\" width=\"505\" height=\"412\" src=\"https:\/\/taoquan.com.vn\/wp-content\/uploads\/caidat_6.png\" alt=\"Th\u01b0 m\u1ee5c c\u00e0i \u0111\u1eb7t\" class=\"wp-image-9855\" srcset=\"https:\/\/taoquan.com.vn\/wp-content\/uploads\/caidat_6.png 505w, https:\/\/taoquan.com.vn\/wp-content\/uploads\/caidat_6-300x245.png 300w\" sizes=\"auto, (max-width: 505px) 100vw, 505px\" \/><\/figure>\n\n\n\n<p>Sau khi ch\u1edd \u0111\u1ee3i kho\u1ea3n 1-2 ph\u00fat h\u1ec7 th\u1ed1ng s\u1ebd b\u00e1o th\u00e0nh c\u00f4ng<\/p>\n\n\n\n<figure class=\"wp-block-image size-large\"><img loading=\"lazy\" decoding=\"async\" width=\"505\" height=\"412\" src=\"https:\/\/taoquan.com.vn\/wp-content\/uploads\/caidat_7.png\" alt=\"C\u00e0i \u0111\u1eb7t th\u00e0nh c\u00f4ng\" class=\"wp-image-9856\" srcset=\"https:\/\/taoquan.com.vn\/wp-content\/uploads\/caidat_7.png 505w, https:\/\/taoquan.com.vn\/wp-content\/uploads\/caidat_7-300x245.png 300w\" sizes=\"auto, (max-width: 505px) 100vw, 505px\" \/><\/figure>\n\n\n\n<p>Qu\u00fd kh\u00e1ch \u0111\u00f3ng m\u00e0n h\u00ecnh n\u00e0y l\u1ea1i l\u00e0 k\u1ebft th\u00fac c\u00e0i \u0111\u1eb7t<\/p>\n\n\n\n<figure class=\"wp-block-image size-large\"><img loading=\"lazy\" decoding=\"async\" width=\"506\" height=\"413\" src=\"https:\/\/taoquan.com.vn\/wp-content\/uploads\/caidat_8.png\" alt=\"K\u1ebft th\u00fac c\u00e0i \u0111\u1eb7t ph\u1ea7n m\u1ec1m\" class=\"wp-image-9857\" srcset=\"https:\/\/taoquan.com.vn\/wp-content\/uploads\/caidat_8.png 506w, https:\/\/taoquan.com.vn\/wp-content\/uploads\/caidat_8-300x245.png 300w\" sizes=\"auto, (max-width: 506px) 100vw, 506px\" \/><\/figure>\n\n\n\n<h3 class=\"wp-block-heading\">B\u01b0\u1edbc 3: \u0110\u0103ng k\u00fd ho\u1eb7c k\u1ebft n\u1ed1i<\/h3>\n\n\n\n<p>Tr\u01b0\u1eddng h\u1ee3p qu\u00fd kh\u00e1ch c\u00e0i l\u1ea1i m\u00e1y ho\u1eb7c c\u00e0i l\u1ea1i win th\u00ec qu\u00fd kh\u00e1ch nh\u1eadp l\u1ea1i \u0111\u1ecba ch\u1ec9 email \u0111\u00e3 \u0111\u0103ng k\u00fd r\u1ed3i nh\u1ea5n l\u1ec7nh &#8220;L\u1ea5y l\u1ea1i m\u00e3&#8221;.&nbsp;H\u1ec7 th\u1ed1ng s\u1ebd g\u1eedi M\u00e3 kh\u00e1ch h\u00e0ng b\u1eb1ng email t\u1ef1 \u0111\u1ed9ng.<\/p>\n\n\n\n<p>Tr\u01b0\u1eddng h\u1ee3p ch\u01b0a c\u00f3 t\u00e0i kho\u1ea3n th\u00ec qu\u00fd kh\u00e1ch \u0111\u0103ng k\u00fd m\u1edbi (mi\u1ec5n ph\u00ed 30 ng\u00e0y)<\/p>\n\n\n\n<figure class=\"wp-block-image size-large\"><img loading=\"lazy\" decoding=\"async\" width=\"671\" height=\"318\" src=\"https:\/\/taoquan.com.vn\/wp-content\/uploads\/dangky_11.png\" alt=\"M\u00e0n h\u00ecnh \u0111\u1ea7u ti\u00ean\" class=\"wp-image-9858\" srcset=\"https:\/\/taoquan.com.vn\/wp-content\/uploads\/dangky_11.png 671w, https:\/\/taoquan.com.vn\/wp-content\/uploads\/dangky_11-300x142.png 300w\" sizes=\"auto, (max-width: 671px) 100vw, 671px\" \/><\/figure>\n\n\n\n<h3 class=\"wp-block-heading\">\u0110\u0103ng k\u00fd m\u1edbi<\/h3>\n\n\n\n<p>Nh\u1eadp c\u00e1c th\u00f4ng tin \u0111\u00e3 v\u00e0o \u0111\u00e2y \u0111\u1ec3 \u0111\u0103ng k\u00fd (ch\u00fang t\u00f4i s\u1ebd&nbsp;<a href=\"http:\/\/taoquan.vn\/chinh-sach\/bao-mat-12\">b\u1ea3o m\u1eadt<\/a>&nbsp;t\u1ea5t c\u1ea3&nbsp;th\u00f4ng tin m\u00e0 qu\u00fd kh\u00e1ch h\u00e0ng cung c\u1ea5p t\u1eeb l\u00fac n\u00e0y tr\u1edf v\u1ec1 sau)<\/p>\n\n\n\n<figure class=\"wp-block-image size-large\"><img loading=\"lazy\" decoding=\"async\" width=\"897\" height=\"501\" src=\"https:\/\/taoquan.com.vn\/wp-content\/uploads\/dangky_2.png\" alt=\"T\u1ea3i v\u1ec1\" class=\"wp-image-9859\" srcset=\"https:\/\/taoquan.com.vn\/wp-content\/uploads\/dangky_2.png 897w, https:\/\/taoquan.com.vn\/wp-content\/uploads\/dangky_2-300x168.png 300w, https:\/\/taoquan.com.vn\/wp-content\/uploads\/dangky_2-768x429.png 768w\" sizes=\"auto, (max-width: 897px) 100vw, 897px\" \/><\/figure>\n\n\n\n<p>Sau khi \u0111\u0103ng k\u00fd th\u00e0nh c\u00f4ng, qu\u00fd kh\u00e1ch n\u00ean ki\u1ec3m tra h\u00f2m th\u01b0 \u0111\u1ebfn \u0111\u1ec3 nh\u1eadn c\u00e1c l\u1eddi khuy\u00ean h\u1eefu \u00edch gi\u00fap vi\u1ec7c khai th\u00e1c ph\u1ea7n m\u1ec1m t\u1ed1t nh\u1ea5t<\/p>\n\n\n\n<h3 class=\"wp-block-heading\">B\u01b0\u1edbc 4: B\u1eaft \u0111\u1ea7u s\u1eed d\u1ee5ng<\/h3>\n\n\n\n<p>\u0110\u0103ng k\u00fd v\u00e0 c\u00e0i \u0111\u1eb7t xong, qu\u00fd kh\u00e1ch h\u00e0ng c\u00f3 th\u1ec3 s\u1eed d\u1ee5ng ngay m\u00e0 kh\u00f4ng c\u1ea7n b\u01b0\u1edbc x\u00e1c nh\u1eadn n\u00e0o<\/p>\n\n\n\n<p>Qu\u00fd kh\u00e1ch \u0111\u0103ng nh\u1eadp v\u00e0o ph\u1ea7n m\u1ec1m v\u1edbi t\u00e0i kho\u1ea3n ban \u0111\u1ea7u<\/p>\n\n\n\n<p>&#8211; T\u00ean truy c\u1eadp:&nbsp;<strong>taoquan<\/strong><\/p>\n\n\n\n<p>&#8211; M\u1eadt kh\u1ea9u:&nbsp;<strong>taoquan<\/strong><\/p>\n\n\n\n<figure class=\"wp-block-image size-large\"><img loading=\"lazy\" decoding=\"async\" width=\"427\" height=\"274\" src=\"https:\/\/taoquan.com.vn\/wp-content\/uploads\/dangky_3.png\" alt=\"\u0110\u0103ng nh\u1eadp v\u00e0o ph\u1ea7n m\u1ec1m\" class=\"wp-image-9860\" srcset=\"https:\/\/taoquan.com.vn\/wp-content\/uploads\/dangky_3.png 427w, https:\/\/taoquan.com.vn\/wp-content\/uploads\/dangky_3-300x193.png 300w\" sizes=\"auto, (max-width: 427px) 100vw, 427px\" \/><\/figure>\n\n\n\n<p>\u0110\u1ec3 b\u1ea3o m\u1eadt d\u1eef li\u1ec7u, ch\u00fang t\u00f4i ki\u1ebfn ngh\u1ecb qu\u00fd kh\u00e1ch n\u00ean \u0111\u1ed5i m\u1eadt kh\u1ea9u ngay trong l\u1ea7n \u0111\u0103ng nh\u1eadp \u0111\u1ea7u ti\u00ean<\/p>\n\n\n\n<figure class=\"wp-block-image size-large\"><img loading=\"lazy\" decoding=\"async\" width=\"430\" height=\"149\" src=\"https:\/\/taoquan.com.vn\/wp-content\/uploads\/dangky_4.png\" alt=\"\u0111\u1ed5i m\u1eadt kh\u1ea9u\" class=\"wp-image-9861\" srcset=\"https:\/\/taoquan.com.vn\/wp-content\/uploads\/dangky_4.png 430w, https:\/\/taoquan.com.vn\/wp-content\/uploads\/dangky_4-300x104.png 300w\" sizes=\"auto, (max-width: 430px) 100vw, 430px\" \/><\/figure>\n\n\n\n<p>Qu\u00fd kh\u00e1ch c\u00f3 th\u1ec3 \u0111\u1ed5i m\u1eadt kh\u1ea9u l\u00fac kh\u00e1c b\u1eb1ng c\u00e1ch v\u00e0o menu&nbsp;<strong>File\\\u0110\u1ed5i m\u1eadt kh\u1ea9u<\/strong><\/p>\n\n\n\n<h3 class=\"wp-block-heading\">Giao di\u1ec7n c\u1ee7a Ph\u1ea7n M\u1ec1m T\u00e1o Qu\u00e2n s\u1ebd c\u00f3 d\u1ea1ng nh\u01b0 sau&nbsp;<\/h3>\n\n\n\n<figure class=\"wp-block-image size-large\"><img loading=\"lazy\" decoding=\"async\" width=\"1024\" height=\"547\" src=\"https:\/\/taoquan.com.vn\/wp-content\/uploads\/dangky_5-1024x547.png\" alt=\"Giao di\u1ec7n ph\u1ea7n m\u1ec1m\" class=\"wp-image-9862\" srcset=\"https:\/\/taoquan.com.vn\/wp-content\/uploads\/dangky_5-1024x547.png 1024w, https:\/\/taoquan.com.vn\/wp-content\/uploads\/dangky_5-300x160.png 300w, https:\/\/taoquan.com.vn\/wp-content\/uploads\/dangky_5-768x410.png 768w, https:\/\/taoquan.com.vn\/wp-content\/uploads\/dangky_5.png 1364w\" sizes=\"auto, (max-width: 1024px) 100vw, 1024px\" \/><\/figure>\n\n\n\n<h1 class=\"wp-block-heading\">C\u00c1C V\u1ea4N \u0110\u1ec0 TH\u01af\u1edcNG G\u1eb6P<\/h1>\n\n\n\n<h4 class=\"wp-block-heading\">1. L\u00fac \u0111\u0103ng k\u00fd ho\u1eb7c k\u00edch ho\u1ea1t h\u1ec7 th\u1ed1ng c\u1ee9 quay v\u00f2ng m\u00e0 kh\u00f4ng m\u1edf m\u00e0n h\u00ecnh \u0111\u0103ng nh\u1eadp<\/h4>\n\n\n\n<p>&#8211; \u0110\u1ed1i v\u1edbi m\u1ed9t s\u1ed1 m\u00e1y c\u00e0i Win7, Win 8, qu\u00fd kh\u00e1ch k\u00edch chu\u1ed9t ph\u1ea3i (R-Click) v\u00e0o bi\u1ec3u t\u01b0\u1ee3ng ph\u1ea7n m\u1ec1m r\u1ed3i ch\u1ecdn &#8220;Run as Administrator&#8221;<\/p>\n\n\n\n<p>&#8211; Tr\u01b0\u1eddng h\u1ee3p kh\u00e1c \u00edt g\u1eb7p h\u01a1n: t\u00e0i kho\u1ea3n \u0111\u0103ng nh\u1eadp windown c\u1ee7a qu\u00fd kh\u00e1ch kh\u00f4ng c\u00f3 quy\u1ec1n ghi v\u00e0o th\u01b0 m\u1ee5c \u1ed5 \u0111\u0129a C: Qu\u00fd kh\u00e1ch c\u00e0i ph\u1ea7n m\u1ec1m v\u00e0o \u1ed5 \u0111\u0129a D: ho\u1eb7c \u1ed5 \u0111\u0129a kh\u00e1c<\/p>\n\n\n\n<h4 class=\"wp-block-heading\">2. L\u00fac \u0111\u0103ng nh\u1eadp h\u1ec7 th\u1ed1ng b\u00e1o l\u1ed7i ph\u1ea7n m\u1ec1m h\u1ebft h\u1ea1n<\/h4>\n\n\n\n<p>&#8211; M\u1eb7c \u0111\u1ecbnh qu\u00fd kh\u00e1ch c\u00f3 30 ng\u00e0y d\u00f9ng th\u1eed mi\u1ec5n ph\u00ed, sau th\u1eddi h\u1ea1n tr\u00ean h\u1ec7 th\u1ed1ng s\u1ebd kh\u00f3a l\u1ea1i<\/p>\n\n\n\n<p>&#8211; N\u1ebfu qu\u00fd kh\u00e1ch qu\u00ean gia h\u1ea1n, ch\u1ec9 c\u1ea7n qu\u00fd kh\u00e1ch gia h\u1ea1n l\u1ea1i l\u00e0 c\u00f3 th\u1ec3 s\u1eed d\u1ee5ng Ph\u1ea7n m\u1ec1m T\u00e1o Qu\u00e2n tr\u1edf l\u1ea1i<\/p>\n\n\n\n<h4 class=\"wp-block-heading\">3. C\u00e0i \u0111\u1eb7t b\u1ecb l\u1ed7i v\u00ec tr\u01b0\u1edbc \u0111\u00f3 \u0111\u00e3 c\u00e0i ph\u1ea7n m\u1ec1m T\u00e1o Qu\u00e2n<\/h4>\n\n\n\n<p>&#8211; Trong tr\u01b0\u1eddng h\u1ee3p n\u00e0y qu\u00fd kh\u00e1ch ch\u1ec9 c\u1ea7n g\u1ee1 ph\u1ea7n m\u1ec1m T\u00e1o Qu\u00e2n \u0111\u00e3 c\u00e0i \u0111\u1eb7t r\u1ed3i c\u00e0i l\u1ea1i l\u00e0 \u0111\u01b0\u1ee3c<\/p>\n\n\n\n<h4 class=\"wp-block-heading\">4. C\u00e1c l\u1ed7i kh\u00e1c l\u00fac c\u00e0i \u0111\u1eb7t<\/h4>\n\n\n\n<p>Qu\u00fd kh\u00e1ch li\u00ean h\u1ec7 v\u1edbi Trung t\u00e2m h\u1ed7 tr\u1ee3 kh\u00e1ch h\u00e0ng b\u1eb1ng \u0111i\u1ec7n tho\u1ea1i, email, yahoo, skypee &#8230; \u0111\u1ec3 h\u1ed7 tr\u1ee3 c\u1ee5 th\u1ebf<\/p>","protected":false},"excerpt":{"rendered":"<p>CH\u1eccN PH\u1ea6N M\u1ec0M T\u1ea2I V\u1ec0 D\u00f9ng tr\u00ean m\u00e1y t\u00ednh D\u00f9ng cho Iphone\/Ipad D\u00f9ng cho Android H\u01af\u1edaNG D\u1eaaN C\u00c0I \u0110\u1eb6T PH\u1ea6N M\u1ec0M V\u00c0 \u0110\u0102NG K\u00dd D\u00d9NG TH\u1eec B\u01b0\u1edbc 1. Gi\u1ea3i n\u00e9n Sau khi Download file v\u1ec1 m\u00e1y, qu\u00fd kh\u00e1ch gi\u1ea3i n\u00e9n b\u1ed9 c\u00e0i \u0111\u1eb7t B\u01b0\u1edbc 2. C\u00e0i \u0111\u1eb7t Trong th\u01b0 m\u1ee5c, qu\u00fd kh\u00e1ch th\u1ef1c thi file [&hellip;]<\/p>","protected":false},"author":3,"featured_media":0,"parent":0,"menu_order":0,"comment_status":"closed","ping_status":"closed","template":"","meta":{"om_disable_all_campaigns":false,"_monsterinsights_skip_tracking":false,"_monsterinsights_sitenote_active":false,"_monsterinsights_sitenote_note":"","_monsterinsights_sitenote_category":0,"footnotes":""},"class_list":["post-9551","page","type-page","status-publish","hentry"],"aioseo_notices":[],"_links":{"self":[{"href":"https:\/\/taoquan.com.vn\/en\/wp-json\/wp\/v2\/pages\/9551","targetHints":{"allow":["GET"]}}],"collection":[{"href":"https:\/\/taoquan.com.vn\/en\/wp-json\/wp\/v2\/pages"}],"about":[{"href":"https:\/\/taoquan.com.vn\/en\/wp-json\/wp\/v2\/types\/page"}],"author":[{"embeddable":true,"href":"https:\/\/taoquan.com.vn\/en\/wp-json\/wp\/v2\/users\/3"}],"replies":[{"embeddable":true,"href":"https:\/\/taoquan.com.vn\/en\/wp-json\/wp\/v2\/comments?post=9551"}],"version-history":[{"count":5,"href":"https:\/\/taoquan.com.vn\/en\/wp-json\/wp\/v2\/pages\/9551\/revisions"}],"predecessor-version":[{"id":9878,"href":"https:\/\/taoquan.com.vn\/en\/wp-json\/wp\/v2\/pages\/9551\/revisions\/9878"}],"wp:attachment":[{"href":"https:\/\/taoquan.com.vn\/en\/wp-json\/wp\/v2\/media?parent=9551"}],"curies":[{"name":"wp","href":"https:\/\/api.w.org\/{rel}","templated":true}]}}