{"id":8480,"date":"2019-06-09T10:57:00","date_gmt":"2019-06-09T10:57:00","guid":{"rendered":"https:\/\/demo.goodlayers.com\/apzo\/softwarehouse\/?page_id=8480"},"modified":"2023-01-17T11:04:45","modified_gmt":"2023-01-17T04:04:45","slug":"phan-mem-quan-ly-nha-hang-cafe","status":"publish","type":"page","link":"https:\/\/taoquan.com.vn\/en\/phan-mem-quan-ly-nha-hang-cafe\/","title":{"rendered":"Ph\u1ea7n m\u1ec1m qu\u1ea3n l\u00fd nh\u00e0 h\u00e0ng, cafe"},"content":{"rendered":"","protected":false},"excerpt":{"rendered":"","protected":false},"author":3,"featured_media":0,"parent":0,"menu_order":2,"comment_status":"closed","ping_status":"closed","template":"","meta":{"om_disable_all_campaigns":false,"_monsterinsights_skip_tracking":false,"_monsterinsights_sitenote_active":false,"_monsterinsights_sitenote_note":"","_monsterinsights_sitenote_category":0,"footnotes":""},"class_list":["post-8480","page","type-page","status-publish","hentry"],"aioseo_notices":[],"_links":{"self":[{"href":"https:\/\/taoquan.com.vn\/en\/wp-json\/wp\/v2\/pages\/8480","targetHints":{"allow":["GET"]}}],"collection":[{"href":"https:\/\/taoquan.com.vn\/en\/wp-json\/wp\/v2\/pages"}],"about":[{"href":"https:\/\/taoquan.com.vn\/en\/wp-json\/wp\/v2\/types\/page"}],"author":[{"embeddable":true,"href":"https:\/\/taoquan.com.vn\/en\/wp-json\/wp\/v2\/users\/3"}],"replies":[{"embeddable":true,"href":"https:\/\/taoquan.com.vn\/en\/wp-json\/wp\/v2\/comments?post=8480"}],"version-history":[{"count":5,"href":"https:\/\/taoquan.com.vn\/en\/wp-json\/wp\/v2\/pages\/8480\/revisions"}],"predecessor-version":[{"id":9890,"href":"https:\/\/taoquan.com.vn\/en\/wp-json\/wp\/v2\/pages\/8480\/revisions\/9890"}],"wp:attachment":[{"href":"https:\/\/taoquan.com.vn\/en\/wp-json\/wp\/v2\/media?parent=8480"}],"curies":[{"name":"wp","href":"https:\/\/api.w.org\/{rel}","templated":true}]}}