{"id":8198,"date":"2019-06-09T13:04:00","date_gmt":"2019-06-09T13:04:00","guid":{"rendered":"https:\/\/demo.goodlayers.com\/apzo\/softwarehouse\/?page_id=8198"},"modified":"2023-01-17T10:57:36","modified_gmt":"2023-01-17T03:57:36","slug":"phan-mem-quan-ly-ban-hang","status":"publish","type":"page","link":"https:\/\/taoquan.com.vn\/en\/phan-mem-quan-ly-ban-hang\/","title":{"rendered":"Ph\u1ea7n m\u1ec1m qu\u1ea3n l\u00fd b\u00e1n h\u00e0ng"},"content":{"rendered":"","protected":false},"excerpt":{"rendered":"","protected":false},"author":3,"featured_media":0,"parent":0,"menu_order":0,"comment_status":"closed","ping_status":"closed","template":"","meta":{"om_disable_all_campaigns":false,"_monsterinsights_skip_tracking":false,"_monsterinsights_sitenote_active":false,"_monsterinsights_sitenote_note":"","_monsterinsights_sitenote_category":0,"footnotes":""},"class_list":["post-8198","page","type-page","status-publish","hentry"],"aioseo_notices":[],"_links":{"self":[{"href":"https:\/\/taoquan.com.vn\/en\/wp-json\/wp\/v2\/pages\/8198","targetHints":{"allow":["GET"]}}],"collection":[{"href":"https:\/\/taoquan.com.vn\/en\/wp-json\/wp\/v2\/pages"}],"about":[{"href":"https:\/\/taoquan.com.vn\/en\/wp-json\/wp\/v2\/types\/page"}],"author":[{"embeddable":true,"href":"https:\/\/taoquan.com.vn\/en\/wp-json\/wp\/v2\/users\/3"}],"replies":[{"embeddable":true,"href":"https:\/\/taoquan.com.vn\/en\/wp-json\/wp\/v2\/comments?post=8198"}],"version-history":[{"count":5,"href":"https:\/\/taoquan.com.vn\/en\/wp-json\/wp\/v2\/pages\/8198\/revisions"}],"predecessor-version":[{"id":9888,"href":"https:\/\/taoquan.com.vn\/en\/wp-json\/wp\/v2\/pages\/8198\/revisions\/9888"}],"wp:attachment":[{"href":"https:\/\/taoquan.com.vn\/en\/wp-json\/wp\/v2\/media?parent=8198"}],"curies":[{"name":"wp","href":"https:\/\/api.w.org\/{rel}","templated":true}]}}