{"id":7960,"date":"2019-08-21T10:22:52","date_gmt":"2019-08-21T10:22:52","guid":{"rendered":"https:\/\/demo.goodlayers.com\/apzo\/softwarehouse\/?page_id=7960"},"modified":"2025-03-06T16:16:44","modified_gmt":"2025-03-06T09:16:44","slug":"khach-hang-tieu-bieu","status":"publish","type":"page","link":"https:\/\/taoquan.com.vn\/en\/khach-hang-tieu-bieu\/","title":{"rendered":"Kh\u00e1ch h\u00e0ng ti\u00eau bi\u1ec3u"},"content":{"rendered":"","protected":false},"excerpt":{"rendered":"","protected":false},"author":1,"featured_media":0,"parent":0,"menu_order":0,"comment_status":"closed","ping_status":"closed","template":"","meta":{"om_disable_all_campaigns":false,"_monsterinsights_skip_tracking":false,"_monsterinsights_sitenote_active":false,"_monsterinsights_sitenote_note":"","_monsterinsights_sitenote_category":0,"footnotes":""},"class_list":["post-7960","page","type-page","status-publish","hentry"],"aioseo_notices":[],"_links":{"self":[{"href":"https:\/\/taoquan.com.vn\/en\/wp-json\/wp\/v2\/pages\/7960","targetHints":{"allow":["GET"]}}],"collection":[{"href":"https:\/\/taoquan.com.vn\/en\/wp-json\/wp\/v2\/pages"}],"about":[{"href":"https:\/\/taoquan.com.vn\/en\/wp-json\/wp\/v2\/types\/page"}],"author":[{"embeddable":true,"href":"https:\/\/taoquan.com.vn\/en\/wp-json\/wp\/v2\/users\/1"}],"replies":[{"embeddable":true,"href":"https:\/\/taoquan.com.vn\/en\/wp-json\/wp\/v2\/comments?post=7960"}],"version-history":[{"count":5,"href":"https:\/\/taoquan.com.vn\/en\/wp-json\/wp\/v2\/pages\/7960\/revisions"}],"predecessor-version":[{"id":9930,"href":"https:\/\/taoquan.com.vn\/en\/wp-json\/wp\/v2\/pages\/7960\/revisions\/9930"}],"wp:attachment":[{"href":"https:\/\/taoquan.com.vn\/en\/wp-json\/wp\/v2\/media?parent=7960"}],"curies":[{"name":"wp","href":"https:\/\/api.w.org\/{rel}","templated":true}]}}